{"id":32,"date":"2026-03-16T12:45:07","date_gmt":"2026-03-16T12:45:07","guid":{"rendered":"https:\/\/www.3cups.de\/?page_id=32"},"modified":"2026-03-18T00:18:48","modified_gmt":"2026-03-17T23:18:48","slug":"teilnahmebedingungen-3cups_studio","status":"publish","type":"page","link":"https:\/\/www.3cups.de\/?page_id=32","title":{"rendered":"Teilnahmebedingungen f\u00fcr Kurse und Workshops von 3cups Studio"},"content":{"rendered":"\n<h2 class=\"wp-block-heading\">1. Veranstalter<\/h2>\n\n\n\n<p>Die Kunstkurse werden organisiert von:<\/p>\n\n\n\n<p>Inessa Babkovich<br>3cups Studio<br>Christian-Eberle Stra\u00dfe 7<br>54295 Trier<\/p>\n\n\n\n<h2 class=\"wp-block-heading\">2. Anmeldung<\/h2>\n\n\n\n<p>Die Anmeldung zu Kursen oder Workshops erfolgt \u00fcber E-Mail, \u00fcber Instagram oder pers\u00f6nlich. Mit der Anmeldung erkennen die Teilnehmer diese Teilnahmebedingungen an.<\/p>\n\n\n\n<h2 class=\"wp-block-heading\">3. Teilnahme<\/h2>\n\n\n\n<p>Die Teilnahme am Kursen und Workshops erfolgt auf eigene Verantwortung. <\/p>\n\n\n\n<p>Teilnehmer verpflichten sich zu einem respektvollen Verhalten gegen\u00fcber anderen Teilnehmern sowie zur sorgf\u00e4ltigen Nutzung der Materialien.<\/p>\n\n\n\n<h2 class=\"wp-block-heading\">4. Teilnahmegeb\u00fchr<\/h2>\n\n\n\n<p>Die Teilnahme an Kursen und Workshops ist kostenpflichtig. <\/p>\n\n\n\n<p>Die H\u00f6he der Teilnahmegeb\u00fchr wird vor der Anmeldung bekannt gegeben.<\/p>\n\n\n\n<p>Die Zahlung erfolgt nach Vereinbarung (z.B. per \u00dcberweisung oder in bar).<\/p>\n\n\n\n<h2 class=\"wp-block-heading\">5. R\u00fccktritt und Stornierung<\/h2>\n\n\n\n<p>Eine Stornierung ist bis sp\u00e4testens 24 Stunden vor Beginn der Veranstaltung m\u00f6glich.<\/p>\n\n\n\n<p>Bei sp\u00e4terer Absage oder Nichterscheinen kann die Teilnahmegeb\u00fchr vollst\u00e4ndig berechnet werden.<\/p>\n\n\n\n<h2 class=\"wp-block-heading\">6. Ausfall von Veranstaltungen<\/h2>\n\n\n\n<p>3cups Studio beh\u00e4lt sich vor, Veranstaltungen aus organisatorischen Gr\u00fcnden, bei Krankheit der Kursleitung oder bei Nichterreichen der Mindestteilnehmerzahl zu verschieben oder abzusagen.<\/p>\n\n\n\n<p>Im Falle einer Verschiebung behalten die Anmeldungen ihre G\u00fcltigkeit f\u00fcr den neuen Termin.<\/p>\n\n\n\n<p>Im Falle einer Absage werden bereits gezahlte Teilnahmegeb\u00fchren vollst\u00e4ndig erstattet. Weitere Anspr\u00fcche bestehen nicht.<\/p>\n\n\n\n<h2 class=\"wp-block-heading\">7. Haftung<\/h2>\n\n\n\n<p>Die Teilnahme erfolgt auf eigene Gefahr. <\/p>\n\n\n\n<p>F\u00fcr pers\u00f6nliche Gegenst\u00e4nde der Teilnehmer \u00fcbernimmt 3cups Studio keine Haftung.<\/p>\n\n\n\n<h2 class=\"wp-block-heading\">8. Foto- und Videoaufnahmen<\/h2>\n\n\n\n<p>W\u00e4hrend der Kurse k\u00f6nnen Fotos oder Videos durch Veranstalter aufgenommen werden. Diese k\u00f6nnen zu Dokumentations- oder Werbezwecken (z.B. auf der Website oder auf Instagram) verwendet werden.<\/p>\n\n\n\n<p>Teilnehmer k\u00f6nnen der Ver\u00f6ffentlichung jederzeit widersprechen.<\/p>\n\n\n\n<h2 class=\"wp-block-heading\">9. \u00c4nderungen<\/h2>\n\n\n\n<p>3cups Studio beh\u00e4lt sich vor, Termine, Inhalte oder Zeiten von Kursen aus organisatorischen Gr\u00fcnden anzupassen.<\/p>\n\n\n\n<p><\/p>\n","protected":false},"excerpt":{"rendered":"<p>1. Veranstalter Die Kunstkurse werden organisiert von: Inessa Babkovich3cups StudioChristian-Eberle Stra\u00dfe 754295 Trier 2. Anmeldung Die Anmeldung zu Kursen oder Workshops erfolgt \u00fcber E-Mail, \u00fcber Instagram oder pers\u00f6nlich. Mit der Anmeldung erkennen die Teilnehmer diese Teilnahmebedingungen an. 3. Teilnahme Die Teilnahme am Kursen und Workshops erfolgt auf eigene Verantwortung. Teilnehmer verpflichten sich zu einem respektvollen &hellip; <\/p>\n<p class=\"link-more\"><a href=\"https:\/\/www.3cups.de\/?page_id=32\" class=\"more-link\"><span class=\"screen-reader-text\">\u201eTeilnahmebedingungen f\u00fcr Kurse und Workshops von 3cups Studio\u201c <\/span>weiterlesen<\/a><\/p>\n","protected":false},"author":1,"featured_media":0,"parent":0,"menu_order":0,"comment_status":"closed","ping_status":"closed","template":"","meta":{"footnotes":""},"class_list":["post-32","page","type-page","status-publish","hentry"],"_links":{"self":[{"href":"https:\/\/www.3cups.de\/index.php?rest_route=\/wp\/v2\/pages\/32","targetHints":{"allow":["GET"]}}],"collection":[{"href":"https:\/\/www.3cups.de\/index.php?rest_route=\/wp\/v2\/pages"}],"about":[{"href":"https:\/\/www.3cups.de\/index.php?rest_route=\/wp\/v2\/types\/page"}],"author":[{"embeddable":true,"href":"https:\/\/www.3cups.de\/index.php?rest_route=\/wp\/v2\/users\/1"}],"replies":[{"embeddable":true,"href":"https:\/\/www.3cups.de\/index.php?rest_route=%2Fwp%2Fv2%2Fcomments&post=32"}],"version-history":[{"count":3,"href":"https:\/\/www.3cups.de\/index.php?rest_route=\/wp\/v2\/pages\/32\/revisions"}],"predecessor-version":[{"id":62,"href":"https:\/\/www.3cups.de\/index.php?rest_route=\/wp\/v2\/pages\/32\/revisions\/62"}],"wp:attachment":[{"href":"https:\/\/www.3cups.de\/index.php?rest_route=%2Fwp%2Fv2%2Fmedia&parent=32"}],"curies":[{"name":"wp","href":"https:\/\/api.w.org\/{rel}","templated":true}]}}